{"id":31581,"date":"2022-03-22T11:51:52","date_gmt":"2022-03-22T10:51:52","guid":{"rendered":"https:\/\/biz-screen.com\/como-funciona\/"},"modified":"2023-10-19T15:49:21","modified_gmt":"2023-10-19T13:49:21","slug":"como-funciona","status":"publish","type":"page","link":"https:\/\/biz-screen.com\/es\/como-funciona\/","title":{"rendered":"\u00bfC\u00f3mo funciona?"},"content":{"rendered":"\t\t<div data-elementor-type=\"wp-page\" data-elementor-id=\"31581\" class=\"elementor elementor-31581 elementor-29193\" data-elementor-post-type=\"page\">\n\t\t\t\t\t\t<section class=\"elementor-section elementor-top-section elementor-element elementor-element-4c3b02e elementor-section-height-min-height elementor-section-boxed elementor-section-height-default elementor-section-items-middle\" data-id=\"4c3b02e\" data-element_type=\"section\" data-e-type=\"section\" data-settings=\"{&quot;background_background&quot;:&quot;classic&quot;}\">\n\t\t\t\t\t\t\t<div class=\"elementor-background-overlay\"><\/div>\n\t\t\t\t\t\t\t<div class=\"elementor-container elementor-column-gap-no\">\n\t\t\t\t\t<div class=\"elementor-column elementor-col-50 elementor-top-column elementor-element elementor-element-d342da2\" data-id=\"d342da2\" data-element_type=\"column\" data-e-type=\"column\">\n\t\t\t<div class=\"elementor-widget-wrap elementor-element-populated\">\n\t\t\t\t\t\t<div class=\"elementor-element elementor-element-b0f3a91 elementor-widget elementor-widget-heading\" data-id=\"b0f3a91\" data-element_type=\"widget\" data-e-type=\"widget\" data-widget_type=\"heading.default\">\n\t\t\t\t<div class=\"elementor-widget-container\">\n\t\t\t\t\t<h1 class=\"elementor-heading-title elementor-size-default\">\u00bfC\u00f3mo funciona Biz Screen?<\/h1>\t\t\t\t<\/div>\n\t\t\t\t<\/div>\n\t\t\t\t<div class=\"elementor-element elementor-element-4a1622d elementor-widget elementor-widget-text-editor\" data-id=\"4a1622d\" data-element_type=\"widget\" data-e-type=\"widget\" data-widget_type=\"text-editor.default\">\n\t\t\t\t<div class=\"elementor-widget-container\">\n\t\t\t\t\t\t\t\t\t<p>Gracias a nuestra soluci\u00f3n digital, podemos transformar su pantalla en una soluci\u00f3n de se\u00f1alizaci\u00f3n digital.<\/p>\n\t\t\t\t\t\t\t\t<\/div>\n\t\t\t\t<\/div>\n\t\t\t\t\t<\/div>\n\t\t<\/div>\n\t\t\t\t<div class=\"elementor-column elementor-col-50 elementor-top-column elementor-element elementor-element-5048e59\" data-id=\"5048e59\" data-element_type=\"column\" data-e-type=\"column\">\n\t\t\t<div class=\"elementor-widget-wrap elementor-element-populated\">\n\t\t\t\t\t\t<div class=\"elementor-element elementor-element-2af2700 elementor-widget elementor-widget-image\" data-id=\"2af2700\" data-element_type=\"widget\" data-e-type=\"widget\" data-widget_type=\"image.default\">\n\t\t\t\t<div class=\"elementor-widget-container\">\n\t\t\t\t\t\t\t\t\t\t\t\t\t\t\t<img fetchpriority=\"high\" decoding=\"async\" width=\"1920\" height=\"1067\" src=\"https:\/\/biz-screen.com\/wp-content\/uploads\/2023\/10\/Displays-Bizscreen.jpg\" class=\"attachment-full size-full wp-image-31193\" alt=\"\" srcset=\"https:\/\/biz-screen.com\/wp-content\/uploads\/2023\/10\/Displays-Bizscreen.jpg 1920w, https:\/\/biz-screen.com\/wp-content\/uploads\/2023\/10\/Displays-Bizscreen-300x167.jpg 300w, https:\/\/biz-screen.com\/wp-content\/uploads\/2023\/10\/Displays-Bizscreen-1024x569.jpg 1024w, https:\/\/biz-screen.com\/wp-content\/uploads\/2023\/10\/Displays-Bizscreen-768x427.jpg 768w, https:\/\/biz-screen.com\/wp-content\/uploads\/2023\/10\/Displays-Bizscreen-1536x854.jpg 1536w\" sizes=\"(max-width: 1920px) 100vw, 1920px\">\t\t\t\t\t\t\t\t\t\t\t\t\t\t\t<\/div>\n\t\t\t\t<\/div>\n\t\t\t\t\t<\/div>\n\t\t<\/div>\n\t\t\t\t\t<\/div>\n\t\t<\/section>\n\t\t\t\t<section class=\"elementor-section elementor-top-section elementor-element elementor-element-f0f2b16 elementor-section-boxed elementor-section-height-default elementor-section-height-default\" data-id=\"f0f2b16\" data-element_type=\"section\" data-e-type=\"section\" data-settings=\"{&quot;background_background&quot;:&quot;classic&quot;}\">\n\t\t\t\t\t\t<div class=\"elementor-container elementor-column-gap-default\">\n\t\t\t\t\t<div class=\"elementor-column elementor-col-100 elementor-top-column elementor-element elementor-element-f382e20\" data-id=\"f382e20\" data-element_type=\"column\" data-e-type=\"column\">\n\t\t\t<div class=\"elementor-widget-wrap elementor-element-populated\">\n\t\t\t\t\t\t<div class=\"elementor-element elementor-element-1955611 elementor-widget elementor-widget-heading\" data-id=\"1955611\" data-element_type=\"widget\" data-e-type=\"widget\" data-widget_type=\"heading.default\">\n\t\t\t\t<div class=\"elementor-widget-container\">\n\t\t\t\t\t<h2 class=\"elementor-heading-title elementor-size-default\">3 opciones de visualizaci\u00f3n<\/h2>\t\t\t\t<\/div>\n\t\t\t\t<\/div>\n\t\t\t\t\t<\/div>\n\t\t<\/div>\n\t\t\t\t\t<\/div>\n\t\t<\/section>\n\t\t\t\t<section class=\"elementor-section elementor-top-section elementor-element elementor-element-ded3f28 elementor-section-boxed elementor-section-height-default elementor-section-height-default\" data-id=\"ded3f28\" data-element_type=\"section\" data-e-type=\"section\" data-settings=\"{&quot;background_background&quot;:&quot;classic&quot;}\">\n\t\t\t\t\t\t<div class=\"elementor-container elementor-column-gap-default\">\n\t\t\t\t\t<div class=\"elementor-column elementor-col-33 elementor-top-column elementor-element elementor-element-af47c48\" data-id=\"af47c48\" data-element_type=\"column\" data-e-type=\"column\" data-settings=\"{&quot;background_background&quot;:&quot;classic&quot;}\">\n\t\t\t<div class=\"elementor-widget-wrap elementor-element-populated\">\n\t\t\t\t\t\t<div class=\"elementor-element elementor-element-db195da elementor-widget elementor-widget-image\" data-id=\"db195da\" data-element_type=\"widget\" data-e-type=\"widget\" data-widget_type=\"image.default\">\n\t\t\t\t<div class=\"elementor-widget-container\">\n\t\t\t\t\t\t\t\t\t\t\t\t\t\t\t<img decoding=\"async\" width=\"1500\" height=\"1501\" src=\"https:\/\/biz-screen.com\/wp-content\/uploads\/2023\/10\/TV.webp\" class=\"attachment-full size-full wp-image-30981\" alt=\"\" srcset=\"https:\/\/biz-screen.com\/wp-content\/uploads\/2023\/10\/TV.webp 1500w, https:\/\/biz-screen.com\/wp-content\/uploads\/2023\/10\/TV-300x300.webp 300w, https:\/\/biz-screen.com\/wp-content\/uploads\/2023\/10\/TV-1024x1024.webp 1024w, https:\/\/biz-screen.com\/wp-content\/uploads\/2023\/10\/TV-150x150.webp 150w, https:\/\/biz-screen.com\/wp-content\/uploads\/2023\/10\/TV-768x769.webp 768w\" sizes=\"(max-width: 1500px) 100vw, 1500px\">\t\t\t\t\t\t\t\t\t\t\t\t\t\t\t<\/div>\n\t\t\t\t<\/div>\n\t\t\t\t<div class=\"elementor-element elementor-element-25534c0 elementor-widget elementor-widget-heading\" data-id=\"25534c0\" data-element_type=\"widget\" data-e-type=\"widget\" data-widget_type=\"heading.default\">\n\t\t\t\t<div class=\"elementor-widget-container\">\n\t\t\t\t\t<h5 class=\"elementor-heading-title elementor-size-default\">La aplicaci\u00f3n BizScreen<\/h5>\t\t\t\t<\/div>\n\t\t\t\t<\/div>\n\t\t\t\t<div class=\"elementor-element elementor-element-342db84 elementor-widget elementor-widget-text-editor\" data-id=\"342db84\" data-element_type=\"widget\" data-e-type=\"widget\" data-widget_type=\"text-editor.default\">\n\t\t\t\t<div class=\"elementor-widget-container\">\n\t\t\t\t\t\t\t\t\t<p>Convertimos su pantalla en una soluci\u00f3n de se\u00f1alizaci\u00f3n digital<\/p>\n\t\t\t\t\t\t\t\t<\/div>\n\t\t\t\t<\/div>\n\t\t\t\t<div class=\"elementor-element elementor-element-709adcb elementor-widget elementor-widget-text-editor\" data-id=\"709adcb\" data-element_type=\"widget\" data-e-type=\"widget\" data-widget_type=\"text-editor.default\">\n\t\t\t\t<div class=\"elementor-widget-container\">\n\t\t\t\t\t\t\t\t\t<p>Descarga nuestra aplicaci\u00f3n y gestiona tus pantallas desde la plataforma.<\/p>\n\t\t\t\t\t\t\t\t<\/div>\n\t\t\t\t<\/div>\n\t\t\t\t<section class=\"elementor-section elementor-inner-section elementor-element elementor-element-87e007b elementor-section-boxed elementor-section-height-default elementor-section-height-default\" data-id=\"87e007b\" data-element_type=\"section\" data-e-type=\"section\">\n\t\t\t\t\t\t<div class=\"elementor-container elementor-column-gap-custom\">\n\t\t\t\t\t<div class=\"elementor-column elementor-col-50 elementor-inner-column elementor-element elementor-element-b668977\" data-id=\"b668977\" data-element_type=\"column\" data-e-type=\"column\">\n\t\t\t<div class=\"elementor-widget-wrap elementor-element-populated\">\n\t\t\t\t\t\t<div class=\"elementor-element elementor-element-dc6adec elementor-widget elementor-widget-image\" data-id=\"dc6adec\" data-element_type=\"widget\" data-e-type=\"widget\" data-widget_type=\"image.default\">\n\t\t\t\t<div class=\"elementor-widget-container\">\n\t\t\t\t\t\t\t\t\t\t\t\t\t\t\t\t<a href=\"https:\/\/www.amazon.fr\/TruckerAndCo-BizScreen\/dp\/B0CJYLH485\/\" target=\"_blank\" rel=\"noopener\">\n\t\t\t\t\t\t\t<img decoding=\"async\" width=\"1024\" height=\"302\" src=\"https:\/\/biz-screen.com\/wp-content\/uploads\/2023\/10\/AmazonAppstore-1024x302.webp\" class=\"elementor-animation-shrink attachment-large size-large wp-image-30993\" alt=\"\" srcset=\"https:\/\/biz-screen.com\/wp-content\/uploads\/2023\/10\/AmazonAppstore-1024x302.webp 1024w, https:\/\/biz-screen.com\/wp-content\/uploads\/2023\/10\/AmazonAppstore-300x88.webp 300w, https:\/\/biz-screen.com\/wp-content\/uploads\/2023\/10\/AmazonAppstore-768x226.webp 768w, https:\/\/biz-screen.com\/wp-content\/uploads\/2023\/10\/AmazonAppstore.webp 1080w\" sizes=\"(max-width: 1024px) 100vw, 1024px\">\t\t\t\t\t\t\t\t<\/a>\n\t\t\t\t\t\t\t\t\t\t\t\t\t\t\t<\/div>\n\t\t\t\t<\/div>\n\t\t\t\t\t<\/div>\n\t\t<\/div>\n\t\t\t\t<div class=\"elementor-column elementor-col-50 elementor-inner-column elementor-element elementor-element-cdf9400\" data-id=\"cdf9400\" data-element_type=\"column\" data-e-type=\"column\">\n\t\t\t<div class=\"elementor-widget-wrap elementor-element-populated\">\n\t\t\t\t\t\t<div class=\"elementor-element elementor-element-5c87420 elementor-widget elementor-widget-image\" data-id=\"5c87420\" data-element_type=\"widget\" data-e-type=\"widget\" data-widget_type=\"image.default\">\n\t\t\t\t<div class=\"elementor-widget-container\">\n\t\t\t\t\t\t\t\t\t\t\t\t\t\t\t\t<a href=\"https:\/\/play.google.com\/store\/apps\/details?id=com.bizscreen.app\" target=\"_blank\" rel=\"noopener\">\n\t\t\t\t\t\t\t<img loading=\"lazy\" decoding=\"async\" width=\"1024\" height=\"302\" src=\"https:\/\/biz-screen.com\/wp-content\/uploads\/2023\/10\/GooglePlay-1024x302.webp\" class=\"elementor-animation-shrink attachment-large size-large wp-image-30998\" alt=\"\" srcset=\"https:\/\/biz-screen.com\/wp-content\/uploads\/2023\/10\/GooglePlay-1024x302.webp 1024w, https:\/\/biz-screen.com\/wp-content\/uploads\/2023\/10\/GooglePlay-300x88.webp 300w, https:\/\/biz-screen.com\/wp-content\/uploads\/2023\/10\/GooglePlay-768x226.webp 768w, https:\/\/biz-screen.com\/wp-content\/uploads\/2023\/10\/GooglePlay.webp 1080w\" sizes=\"(max-width: 1024px) 100vw, 1024px\">\t\t\t\t\t\t\t\t<\/a>\n\t\t\t\t\t\t\t\t\t\t\t\t\t\t\t<\/div>\n\t\t\t\t<\/div>\n\t\t\t\t\t<\/div>\n\t\t<\/div>\n\t\t\t\t\t<\/div>\n\t\t<\/section>\n\t\t\t\t\t<\/div>\n\t\t<\/div>\n\t\t\t\t<div class=\"elementor-column elementor-col-33 elementor-top-column elementor-element elementor-element-74de3a3\" data-id=\"74de3a3\" data-element_type=\"column\" data-e-type=\"column\" data-settings=\"{&quot;background_background&quot;:&quot;classic&quot;}\">\n\t\t\t<div class=\"elementor-widget-wrap elementor-element-populated\">\n\t\t\t\t\t\t<div class=\"elementor-element elementor-element-638c2d5 elementor-widget elementor-widget-image\" data-id=\"638c2d5\" data-element_type=\"widget\" data-e-type=\"widget\" data-widget_type=\"image.default\">\n\t\t\t\t<div class=\"elementor-widget-container\">\n\t\t\t\t\t\t\t\t\t\t\t\t\t\t\t<img loading=\"lazy\" decoding=\"async\" width=\"1501\" height=\"1501\" src=\"https:\/\/biz-screen.com\/wp-content\/uploads\/2023\/10\/Stick-TV.webp\" class=\"attachment-full size-full wp-image-30976\" alt=\"\" srcset=\"https:\/\/biz-screen.com\/wp-content\/uploads\/2023\/10\/Stick-TV.webp 1501w, https:\/\/biz-screen.com\/wp-content\/uploads\/2023\/10\/Stick-TV-300x300.webp 300w, https:\/\/biz-screen.com\/wp-content\/uploads\/2023\/10\/Stick-TV-1024x1024.webp 1024w, https:\/\/biz-screen.com\/wp-content\/uploads\/2023\/10\/Stick-TV-150x150.webp 150w, https:\/\/biz-screen.com\/wp-content\/uploads\/2023\/10\/Stick-TV-768x768.webp 768w\" sizes=\"(max-width: 1501px) 100vw, 1501px\">\t\t\t\t\t\t\t\t\t\t\t\t\t\t\t<\/div>\n\t\t\t\t<\/div>\n\t\t\t\t<div class=\"elementor-element elementor-element-798278b elementor-widget elementor-widget-heading\" data-id=\"798278b\" data-element_type=\"widget\" data-e-type=\"widget\" data-widget_type=\"heading.default\">\n\t\t\t\t<div class=\"elementor-widget-container\">\n\t\t\t\t\t<h5 class=\"elementor-heading-title elementor-size-default\">Stick TV<\/h5>\t\t\t\t<\/div>\n\t\t\t\t<\/div>\n\t\t\t\t<div class=\"elementor-element elementor-element-9a933c7 elementor-widget elementor-widget-text-editor\" data-id=\"9a933c7\" data-element_type=\"widget\" data-e-type=\"widget\" data-widget_type=\"text-editor.default\">\n\t\t\t\t<div class=\"elementor-widget-container\">\n\t\t\t\t\t\t\t\t\t<p>Este stick se conecta a cualquier televisor o pantalla, permiti\u00e9ndote emitir tus contenidos.<\/p>\n\t\t\t\t\t\t\t\t<\/div>\n\t\t\t\t<\/div>\n\t\t\t\t\t<\/div>\n\t\t<\/div>\n\t\t\t\t<div class=\"elementor-column elementor-col-33 elementor-top-column elementor-element elementor-element-13c5106\" data-id=\"13c5106\" data-element_type=\"column\" data-e-type=\"column\" data-settings=\"{&quot;background_background&quot;:&quot;classic&quot;}\">\n\t\t\t<div class=\"elementor-widget-wrap elementor-element-populated\">\n\t\t\t\t\t\t<div class=\"elementor-element elementor-element-55dac87 elementor-widget elementor-widget-image\" data-id=\"55dac87\" data-element_type=\"widget\" data-e-type=\"widget\" data-widget_type=\"image.default\">\n\t\t\t\t<div class=\"elementor-widget-container\">\n\t\t\t\t\t\t\t\t\t\t\t\t\t\t\t<img loading=\"lazy\" decoding=\"async\" width=\"1024\" height=\"1024\" src=\"https:\/\/biz-screen.com\/wp-content\/uploads\/2023\/10\/RaspBerry-1024x1024.webp\" class=\"attachment-large size-large wp-image-30971\" alt=\"\" srcset=\"https:\/\/biz-screen.com\/wp-content\/uploads\/2023\/10\/RaspBerry-1024x1024.webp 1024w, https:\/\/biz-screen.com\/wp-content\/uploads\/2023\/10\/RaspBerry-300x300.webp 300w, https:\/\/biz-screen.com\/wp-content\/uploads\/2023\/10\/RaspBerry-150x150.webp 150w, https:\/\/biz-screen.com\/wp-content\/uploads\/2023\/10\/RaspBerry-768x768.webp 768w, https:\/\/biz-screen.com\/wp-content\/uploads\/2023\/10\/RaspBerry.webp 1501w\" sizes=\"(max-width: 1024px) 100vw, 1024px\">\t\t\t\t\t\t\t\t\t\t\t\t\t\t\t<\/div>\n\t\t\t\t<\/div>\n\t\t\t\t<div class=\"elementor-element elementor-element-e9297a7 elementor-widget elementor-widget-heading\" data-id=\"e9297a7\" data-element_type=\"widget\" data-e-type=\"widget\" data-widget_type=\"heading.default\">\n\t\t\t\t<div class=\"elementor-widget-container\">\n\t\t\t\t\t<h5 class=\"elementor-heading-title elementor-size-default\">Raspberry PI<\/h5>\t\t\t\t<\/div>\n\t\t\t\t<\/div>\n\t\t\t\t<div class=\"elementor-element elementor-element-0cce603 elementor-widget elementor-widget-text-editor\" data-id=\"0cce603\" data-element_type=\"widget\" data-e-type=\"widget\" data-widget_type=\"text-editor.default\">\n\t\t\t\t<div class=\"elementor-widget-container\">\n\t\t\t\t\t\t\t\t\t<p>Pide tu Raspberry configurada y lista para usar, puede gestionar 2 pantallas y arranca autom\u00e1ticamente en la TV.<\/p>\n\t\t\t\t\t\t\t\t<\/div>\n\t\t\t\t<\/div>\n\t\t\t\t\t<\/div>\n\t\t<\/div>\n\t\t\t\t\t<\/div>\n\t\t<\/section>\n\t\t\t\t<section class=\"elementor-section elementor-top-section elementor-element elementor-element-ee36030 elementor-section-content-top elementor-section-boxed elementor-section-height-default elementor-section-height-default\" data-id=\"ee36030\" data-element_type=\"section\" data-e-type=\"section\">\n\t\t\t\t\t\t<div class=\"elementor-container elementor-column-gap-default\">\n\t\t\t\t\t<div class=\"elementor-column elementor-col-33 elementor-top-column elementor-element elementor-element-f08363b\" data-id=\"f08363b\" data-element_type=\"column\" data-e-type=\"column\">\n\t\t\t<div class=\"elementor-widget-wrap elementor-element-populated\">\n\t\t\t\t\t\t<div class=\"elementor-element elementor-element-0fb554c elementor-widget elementor-widget-heading\" data-id=\"0fb554c\" data-element_type=\"widget\" data-e-type=\"widget\" data-widget_type=\"heading.default\">\n\t\t\t\t<div class=\"elementor-widget-container\">\n\t\t\t\t\t<h3 class=\"elementor-heading-title elementor-size-default\">Preguntas <br> m\u00e1s frecuentes<\/h3>\t\t\t\t<\/div>\n\t\t\t\t<\/div>\n\t\t\t\t\t<\/div>\n\t\t<\/div>\n\t\t\t\t<div class=\"elementor-column elementor-col-66 elementor-top-column elementor-element elementor-element-1860a18\" data-id=\"1860a18\" data-element_type=\"column\" data-e-type=\"column\">\n\t\t\t<div class=\"elementor-widget-wrap elementor-element-populated\">\n\t\t\t\t\t\t<div class=\"elementor-element elementor-element-eb6858a uael-faq-box-layout-yes align-at-left elementor-widget elementor-widget-uael-faq\" data-id=\"eb6858a\" data-element_type=\"widget\" data-e-type=\"widget\" data-widget_type=\"uael-faq.default\">\n\t\t\t\t<div class=\"elementor-widget-container\">\n\t\t\t\t\t\n\t\t\t<div id='uael-faq-wrapper-246' class=\"uael-faq-wrapper\">\n\t\t\t\t<div class=\"uael-faq-container uael-faq-layout-accordion\" data-layout=\"accordion\" >\n\t\t\t\t\t\t\t\t\t\t\t\t<div id=\"uael-accordion-5a8455d\" class=\"uael-faq-accordion\" role=\"tablist\">\n\t\t\t\t\t\t\t\t<div class= \"uael-accordion-title\" aria-expanded=\"false\" role=\"tab\">\n\t\t\t\t\t\t\t\t\t<span class=\"uael-accordion-icon uael-accordion-icon-left\">\n\t\t\t\t\t\t\t\t\t\t<span class=\"uael-accordion-icon-closed\"><i class=\"fas fa-angle-right\"><\/i><\/span>\n\t\t\t\t\t\t\t\t\t\t<span class=\"uael-accordion-icon-opened\"><i class=\"fas fa-angle-up\"><\/i><\/span>\n\t\t\t\t\t\t\t\t\t<\/span>\n\t\t\t\t\t\t\t\t\t<span class=\"uael-question-5a8455d uael-question-span\" tabindex=\"0\" id=\"uael-faq-1-69f44d8dc9de9\">\u00bfQu\u00e9 tipos de archivos se aceptan?<\/span>\n\t\t\t\t\t\t\t\t<\/div>\n\t\t\t\t\t\t\t\t<div class=\"uael-accordion-content\" role=\"tabpanel\">\n\t\t\t\t\t\t\t\t\t<span>\n\t\t\t\t\t\t\t\t\t<span><p>Se aceptan los siguientes archivos: .jpeg, .png y .mp4<\/p><\/span>\t\t\t\t\t\t\t\t\t<\/span>\n\t\t\t\t\t\t\t\t<\/div>\n\t\t\t\t\t\t\t<\/div>\n\t\t\t\t\t\t\t\t\t\t\t\t\t\t<div id=\"uael-accordion-1b4e792\" class=\"uael-faq-accordion\" role=\"tablist\">\n\t\t\t\t\t\t\t\t<div class= \"uael-accordion-title\" aria-expanded=\"false\" role=\"tab\">\n\t\t\t\t\t\t\t\t\t<span class=\"uael-accordion-icon uael-accordion-icon-left\">\n\t\t\t\t\t\t\t\t\t\t<span class=\"uael-accordion-icon-closed\"><i class=\"fas fa-angle-right\"><\/i><\/span>\n\t\t\t\t\t\t\t\t\t\t<span class=\"uael-accordion-icon-opened\"><i class=\"fas fa-angle-up\"><\/i><\/span>\n\t\t\t\t\t\t\t\t\t<\/span>\n\t\t\t\t\t\t\t\t\t<span class=\"uael-question-1b4e792 uael-question-span\" tabindex=\"0\" id=\"uael-faq-2-69f44d8dc9e65\">\u00bfNecesito conexi\u00f3n a Internet?<\/span>\n\t\t\t\t\t\t\t\t<\/div>\n\t\t\t\t\t\t\t\t<div class=\"uael-accordion-content\" role=\"tabpanel\">\n\t\t\t\t\t\t\t\t\t<span>\n\t\t\t\t\t\t\t\t\t<span><p>Para actualizar los contenidos, su sistema de difusi\u00f3n debe estar conectado a Internet.<\/p><\/span>\t\t\t\t\t\t\t\t\t<\/span>\n\t\t\t\t\t\t\t\t<\/div>\n\t\t\t\t\t\t\t<\/div>\n\t\t\t\t\t\t\t\t\t\t\t<\/div>\n\t\t\t<\/div>\n\t\t\t\t\t\t\t<\/div>\n\t\t\t\t<\/div>\n\t\t\t\t\t<\/div>\n\t\t<\/div>\n\t\t\t\t\t<\/div>\n\t\t<\/section>\n\t\t\t\t<\/div>\n\t\t","protected":false},"excerpt":{"rendered":"<p>\u00bfC\u00f3mo funciona Biz Screen? Gracias a nuestra soluci\u00f3n digital, podemos transformar su pantalla en una soluci\u00f3n de se\u00f1alizaci\u00f3n digital. 3 opciones de visualizaci\u00f3n La aplicaci\u00f3n BizScreen Convertimos su pantalla en una soluci\u00f3n de se\u00f1alizaci\u00f3n digital Descarga nuestra aplicaci\u00f3n y gestiona tus pantallas desde la plataforma. Stick TV Este stick se conecta a cualquier televisor o [&hellip;]<\/p>\n","protected":false},"author":4,"featured_media":0,"parent":0,"menu_order":0,"comment_status":"closed","ping_status":"closed","template":"","meta":{"inline_featured_image":false,"site-sidebar-layout":"no-sidebar","site-content-layout":"page-builder","ast-site-content-layout":"","site-content-style":"default","site-sidebar-style":"default","ast-global-header-display":"","ast-banner-title-visibility":"","ast-main-header-display":"","ast-hfb-above-header-display":"","ast-hfb-below-header-display":"","ast-hfb-mobile-header-display":"","site-post-title":"disabled","ast-breadcrumbs-content":"","ast-featured-img":"disabled","footer-sml-layout":"","theme-transparent-header-meta":"enabled","adv-header-id-meta":"","stick-header-meta":"","header-above-stick-meta":"","header-main-stick-meta":"","header-below-stick-meta":"","astra-migrate-meta-layouts":"default","ast-page-background-enabled":"default","ast-page-background-meta":{"desktop":{"background-color":"","background-image":"","background-repeat":"repeat","background-position":"center center","background-size":"auto","background-attachment":"scroll","background-type":"","background-media":"","overlay-type":"","overlay-color":"","overlay-gradient":""},"tablet":{"background-color":"","background-image":"","background-repeat":"repeat","background-position":"center center","background-size":"auto","background-attachment":"scroll","background-type":"","background-media":"","overlay-type":"","overlay-color":"","overlay-gradient":""},"mobile":{"background-color":"","background-image":"","background-repeat":"repeat","background-position":"center center","background-size":"auto","background-attachment":"scroll","background-type":"","background-media":"","overlay-type":"","overlay-color":"","overlay-gradient":""}},"ast-content-background-meta":{"desktop":{"background-color":"var(--ast-global-color-5)","background-image":"","background-repeat":"repeat","background-position":"center center","background-size":"auto","background-attachment":"scroll","background-type":"","background-media":"","overlay-type":"","overlay-color":"","overlay-gradient":""},"tablet":{"background-color":"var(--ast-global-color-5)","background-image":"","background-repeat":"repeat","background-position":"center center","background-size":"auto","background-attachment":"scroll","background-type":"","background-media":"","overlay-type":"","overlay-color":"","overlay-gradient":""},"mobile":{"background-color":"var(--ast-global-color-5)","background-image":"","background-repeat":"repeat","background-position":"center center","background-size":"auto","background-attachment":"scroll","background-type":"","background-media":"","overlay-type":"","overlay-color":"","overlay-gradient":""}},"footnotes":""},"class_list":["post-31581","page","type-page","status-publish","hentry"],"_links":{"self":[{"href":"https:\/\/biz-screen.com\/es\/wp-json\/wp\/v2\/pages\/31581","targetHints":{"allow":["GET"]}}],"collection":[{"href":"https:\/\/biz-screen.com\/es\/wp-json\/wp\/v2\/pages"}],"about":[{"href":"https:\/\/biz-screen.com\/es\/wp-json\/wp\/v2\/types\/page"}],"author":[{"embeddable":true,"href":"https:\/\/biz-screen.com\/es\/wp-json\/wp\/v2\/users\/4"}],"replies":[{"embeddable":true,"href":"https:\/\/biz-screen.com\/es\/wp-json\/wp\/v2\/comments?post=31581"}],"version-history":[{"count":1,"href":"https:\/\/biz-screen.com\/es\/wp-json\/wp\/v2\/pages\/31581\/revisions"}],"predecessor-version":[{"id":31582,"href":"https:\/\/biz-screen.com\/es\/wp-json\/wp\/v2\/pages\/31581\/revisions\/31582"}],"wp:attachment":[{"href":"https:\/\/biz-screen.com\/es\/wp-json\/wp\/v2\/media?parent=31581"}],"curies":[{"name":"wp","href":"https:\/\/api.w.org\/{rel}","templated":true}]}}